{"id":48,"date":"2018-05-12T10:42:09","date_gmt":"2018-05-12T10:42:09","guid":{"rendered":"http:\/\/dr-maxeiner.de\/?page_id=48"},"modified":"2024-04-09T07:44:23","modified_gmt":"2024-04-09T07:44:23","slug":"datenschutzerklaerung","status":"publish","type":"page","link":"https:\/\/dr-maxeiner.de\/?page_id=48","title":{"rendered":"Datenschutzerkl\u00e4rung"},"content":{"rendered":"<h3>Datenschutzerkl\u00e4rung<\/h3>\n<p>Sehr geehrte Damen und Herren, sehr geehrte Patientinnen und Patienten,der Schutz Ihrer personenbezogenen Daten ist uns wichtig. Nach der EU-Datenschutzgrundverordnung (DSGVO), Bundesdatenschutzgesetz (BDSG) und Telemediengesetz (TMG) sind wir verpflichtet, Sie dar\u00fcber zu informieren, zu welchem Zweck auf unserer Homepage personenbezogene Daten erhoben und verwendet werden, auf welche Art dies geschieht und welchen Umfang dies hat.<\/p>\n<p>Dieser Information k\u00f6nnen Sie auch entnehmen, welche Rechte Sie hinsichtlich des Datenschutzes haben. Diese Datenschutzerkl\u00e4rung bezieht sich auf unser Internetangebot. Sie bezieht sich ausdr\u00fccklich nicht auf das Behandlungsverh\u00e4ltnis. Hier werden Sie bei Besuch der Praxis gesondert informiert.<\/p>\n<h3>Verantwortlich f\u00fcr die Datenverarbeitung ist:<\/h3>\n<div><\/div>\n<div>Dr.med. Johanna M\u00fcssig<\/div>\n<div>Akazienallee 18<\/div>\n<div>40625 D\u00fcsseldorf<\/div>\n<div><\/div>\n<div>Tel.: 0211 28 43 75, Fax.: 0211 28 11 77<\/div>\n<div>Dr-Muessig &#8222;at&#8220; t-online.de<\/div>\n<h3>Datenverarbeitung im Auftrag<\/h3>\n<p>Dieses Internet-Angebot wird im Wege der Auftragsdatenverarbeitung von Strato als technischem Dienstleister vorgehalten. Dabei findet keine \u00fcber das in dieser Erkl\u00e4rung dargestellte Ma\u00df hinausgehende Speicherung und Verarbeitung personenbezogener Nutzungsdaten statt. Es dient ausschliesslich der Vorstellung der Praxis Dr.med. Christian Maxeiner.<\/p>\n<h3>Erhebung von Nutzungsdaten\/Nutzungsanalyse<\/h3>\n<p>Beim Zugriff auf unser Internetangebot erfassen wir folgende Daten in einer Protokolldatei:<\/p>\n<ul>\n<li>IP-Adresse in anonymisierter (verk\u00fcrzter) Form<\/li>\n<li>\u2028Zeitpunkt des Zugriffs\u2028- aufgerufene Seite bzw. Name der abgerufenen Datei (URL)<\/li>\n<li>Status-Informationen (z.B. Fehlercodes)<\/li>\n<li>\u00fcbertragene Datenmenge\u2028- Browser-Informationen (genuttzer Web-Browser, Betriebssystem, Spracheinstellung etc.)<\/li>\n<\/ul>\n<p>Die Daten werden ausschlie\u00dflich f\u00fcr statistische Zwecke genutzt. Eine Weitergabe an Dritte erfolgt nicht. Dieses Internetangebot verwendet keine Techniken, die darauf abzielen, das Zugriffsverhalten einzelner Nutzer auszuwerten. Personenbezogene Nutzungsprofile werden nicht erstellt.<\/p>\n<h3>Links zu anderen Webseiten<\/h3>\n<p>Unser Internet-Angebot enth\u00e4lt Verweise zu Inhalten anderer Anbieter. Diese sind durch die Angabe expliziter Links (z.B. www.internetseite.de), anhand entsprechender Hinweise im Text oder die Kennzeichnung mit dem Symbol erkennbar.\u00a0 Die Nutzung dieser fremden Inhalte unterliegt gegebenenfalls anderen Vorgaben als den hier dargestellten.<\/p>\n<h3>Cookies<\/h3>\n<p>In bestimmten F\u00e4llen werden so genannte tempor\u00e4re Cookies verwendet. Diese enthalten keine personenbezogenen Daten und werden nach Ablauf der Sitzung mit dem Schlie\u00dfen Ihres Web-Browsers automatisch gel\u00f6scht.<\/p>\n<p>Im Fall einer Verlinkung k\u00f6nnen Cookies von Drittanbietern zum Einsatz kommen, ohne dass wir Sie ausdr\u00fccklich darauf hinweisen k\u00f6nnen. Die g\u00e4ngigen Browser erlauben es, die Verarbeitung solcher Cookies festzulegen, so dass Sie das Speichern dieser Cookies deaktivieren bzw. die Art der Verarbeitung durch Ihren Browser einstellen k\u00f6nnen.<\/p>\n<h3>Erhebung personenbezogener Daten in Online-Formularen<\/h3>\n<p>Soweit wir Sie im Rahmen dieses Angebots um die Angabe\u00a0 personenbezogener Daten bitten (z.B. Name, Anschrift oder E-Mail-Adresse), sagen wir Ihnen im jeweiligen Online-Formular, f\u00fcr welchen Zweck wir diese erheben und wie wir sie verarbeiten. Es unterliegt Ihrer freien Entscheidung, ob Sie diese Daten angeben.<\/p>\n<h3>Ihre Rechte<\/h3>\n<div>Sie haben das Recht, \u00fcber die Sie betreffenden personenbezogenen Daten Auskunft zu erhalten sowie erteilte Einwilligungen mit Wirkung f\u00fcr die Zukunft zu widerrufen. Auch k\u00f6nnen Sie die Berichtigung unrichtiger Daten verlangen.<\/div>\n<div>Dar\u00fcber hinaus steht Ihnen unter bestimmten Voraussetzungen das Recht auf L\u00f6schung von Daten, das Recht auf Einschr\u00e4nkung der Datenverarbeitung sowie das Recht auf Daten\u00fcbertragbarkeit zu. Die Verarbeitung Ihrer Daten erfolgt auf Basis von gesetzlichen Regelungen. Nur in Ausnahmef\u00e4llen ben\u00f6tigen wir Ihr Einverst\u00e4ndnis. In diesen F\u00e4llen haben Sie das Recht, die Einwilligung f\u00fcr die zuk\u00fcnftige Verarbeitung zu widerrufen. Sie haben ferner das Recht, sich bei der zust\u00e4ndigen Aufsichtsbeh\u00f6rde f\u00fcr den Datenschutz zu beschweren, wenn Sie der Ansicht sind, dass die Verarbeitung Ihrer personenbezogenen Daten nicht rechtm\u00e4\u00dfig erfolgt.<\/div>\n<div><\/div>\n<div>Die Anschrift der f\u00fcr uns zust\u00e4ndigen Aufsichtsbeh\u00f6rde\u00a0 lautet:<\/div>\n<div>Die Landesbeauftragte f\u00fcr Datenschutz und Informationsfreiheit NRW (LDI), Kavalleriestra\u00dfe 2-4,\u00a0 40213 D\u00fcsseldorf, Telefon: 0211 38 42 40<\/div>\n<div>Rechtsgrundlage f\u00fcr die Verarbeitung Ihrer Daten ist Artikel 6 Absatz 1 Satz 1 DSGVO. Sollten Sie Fragen haben, k\u00f6nnen Sie sich gern an uns (siehe unter Ziff. 1.) wenden.<\/div>\n<h3>Verschl\u00fcsselung<\/h3>\n<p>Dieses Angebot unterst\u00fctzt den gesicherten Zugriff \u00fcber das HTTPS\/SSL-Protokoll.<\/p>\n","protected":false},"excerpt":{"rendered":"<p>Datenschutzerkl\u00e4rung Sehr geehrte Damen und Herren, sehr geehrte Patientinnen und Patienten,der Schutz Ihrer personenbezogenen Daten ist uns wichtig. Nach der EU-Datenschutzgrundverordnung (DSGVO), Bundesdatenschutzgesetz (BDSG) und Telemediengesetz (TMG) sind wir verpflichtet, Sie dar\u00fcber zu informieren, zu welchem Zweck auf unserer Homepage personenbezogene Daten erhoben und verwendet werden, auf welche Art dies geschieht und welchen Umfang dies &hellip; <\/p>\n<p class=\"link-more\"><a href=\"https:\/\/dr-maxeiner.de\/?page_id=48\" class=\"more-link\"><span class=\"screen-reader-text\">\u201eDatenschutzerkl\u00e4rung\u201c <\/span>weiterlesen<\/a><\/p>\n","protected":false},"author":1,"featured_media":0,"parent":0,"menu_order":0,"comment_status":"closed","ping_status":"closed","template":"","meta":{"footnotes":""},"class_list":["post-48","page","type-page","status-publish","hentry"],"_links":{"self":[{"href":"https:\/\/dr-maxeiner.de\/index.php?rest_route=\/wp\/v2\/pages\/48","targetHints":{"allow":["GET"]}}],"collection":[{"href":"https:\/\/dr-maxeiner.de\/index.php?rest_route=\/wp\/v2\/pages"}],"about":[{"href":"https:\/\/dr-maxeiner.de\/index.php?rest_route=\/wp\/v2\/types\/page"}],"author":[{"embeddable":true,"href":"https:\/\/dr-maxeiner.de\/index.php?rest_route=\/wp\/v2\/users\/1"}],"replies":[{"embeddable":true,"href":"https:\/\/dr-maxeiner.de\/index.php?rest_route=%2Fwp%2Fv2%2Fcomments&post=48"}],"version-history":[{"count":6,"href":"https:\/\/dr-maxeiner.de\/index.php?rest_route=\/wp\/v2\/pages\/48\/revisions"}],"predecessor-version":[{"id":144,"href":"https:\/\/dr-maxeiner.de\/index.php?rest_route=\/wp\/v2\/pages\/48\/revisions\/144"}],"wp:attachment":[{"href":"https:\/\/dr-maxeiner.de\/index.php?rest_route=%2Fwp%2Fv2%2Fmedia&parent=48"}],"curies":[{"name":"wp","href":"https:\/\/api.w.org\/{rel}","templated":true}]}}